{"id":1092,"date":"2024-12-02T09:28:58","date_gmt":"2024-12-02T14:28:58","guid":{"rendered":"https:\/\/www.dev.caralz.com\/wp\/?post_type=product&#038;p=1092"},"modified":"2024-12-02T17:40:10","modified_gmt":"2024-12-02T22:40:10","slug":"hs-amarillo-claro-con-pb","status":"publish","type":"product","link":"https:\/\/www.dev.caralz.com\/wp\/producto\/hs-amarillo-claro-con-pb\/","title":{"rendered":"HS Amarillo Claro con Pb"},"content":{"rendered":"<p>Tinta amarilla de cromo verdoso de alto cubrimiento de la l\u00ednea HS, contiene metales pesados como el plomo. Por su alto contenido de s\u00f3lidos brinda elevadas especificaciones de espesor de recubrimiento, brillo, distinci\u00f3n de imagen y durabilidad<\/p>\n","protected":false},"excerpt":{"rendered":"<p>Amarillo claro de l\u00ednea poliuretano altos s\u00f3lidos<\/p>\n","protected":false},"featured_media":1285,"comment_status":"open","ping_status":"closed","template":"","meta":{"_acf_changed":false},"product_brand":[],"product_cat":[49,48,51],"product_tag":[],"class_list":{"0":"post-1092","1":"product","2":"type-product","3":"status-publish","4":"has-post-thumbnail","6":"product_cat-acabados-linea-automotriz-2","7":"product_cat-linea-automotriz-2","8":"product_cat-sistema-poliuretano-acabados-linea-automotriz-2","10":"first","11":"instock","12":"shipping-taxable","13":"product-type-simple"},"acf":[],"_links":{"self":[{"href":"https:\/\/www.dev.caralz.com\/wp\/wp-json\/wp\/v2\/product\/1092","targetHints":{"allow":["GET"]}}],"collection":[{"href":"https:\/\/www.dev.caralz.com\/wp\/wp-json\/wp\/v2\/product"}],"about":[{"href":"https:\/\/www.dev.caralz.com\/wp\/wp-json\/wp\/v2\/types\/product"}],"replies":[{"embeddable":true,"href":"https:\/\/www.dev.caralz.com\/wp\/wp-json\/wp\/v2\/comments?post=1092"}],"wp:featuredmedia":[{"embeddable":true,"href":"https:\/\/www.dev.caralz.com\/wp\/wp-json\/wp\/v2\/media\/1285"}],"wp:attachment":[{"href":"https:\/\/www.dev.caralz.com\/wp\/wp-json\/wp\/v2\/media?parent=1092"}],"wp:term":[{"taxonomy":"product_brand","embeddable":true,"href":"https:\/\/www.dev.caralz.com\/wp\/wp-json\/wp\/v2\/product_brand?post=1092"},{"taxonomy":"product_cat","embeddable":true,"href":"https:\/\/www.dev.caralz.com\/wp\/wp-json\/wp\/v2\/product_cat?post=1092"},{"taxonomy":"product_tag","embeddable":true,"href":"https:\/\/www.dev.caralz.com\/wp\/wp-json\/wp\/v2\/product_tag?post=1092"}],"curies":[{"name":"wp","href":"https:\/\/api.w.org\/{rel}","templated":true}]}}