{"id":1120,"date":"2024-12-02T09:29:09","date_gmt":"2024-12-02T14:29:09","guid":{"rendered":"https:\/\/www.dev.caralz.com\/wp\/?post_type=product&#038;p=1120"},"modified":"2024-12-02T17:40:36","modified_gmt":"2024-12-02T22:40:36","slug":"esmalte-epoxi-amarillo-medio-con-pb","status":"publish","type":"product","link":"https:\/\/www.dev.caralz.com\/wp\/producto\/esmalte-epoxi-amarillo-medio-con-pb\/","title":{"rendered":"Esmalte Epoxi Amarillo Medio con Pb"},"content":{"rendered":"<p>Producto de color amarillo medio que brinda un acabado samimate de l\u00ednea de esmaltes ep\u00f3xicos. Recomendado para acabados industriales en los que brinda buenas caracter\u00edsticas de resistencia a agresiones de agentes qu\u00edmicos y desgaste f\u00edsico. Este producto contiene metales pesados como el plomo<\/p>\n","protected":false},"excerpt":{"rendered":"<p>Amarillo Medio satinado de l\u00ednea de esmaltes ep\u00f3xicos<\/p>\n","protected":false},"featured_media":1285,"comment_status":"open","ping_status":"closed","template":"","meta":{"_acf_changed":false},"product_brand":[],"product_cat":[53,54,52],"product_tag":[],"class_list":{"0":"post-1120","1":"product","2":"type-product","3":"status-publish","4":"has-post-thumbnail","6":"product_cat-acabados-linea-industrial","7":"product_cat-esmalte-epoxico","8":"product_cat-linea-industrial","10":"first","11":"instock","12":"shipping-taxable","13":"product-type-simple"},"acf":[],"_links":{"self":[{"href":"https:\/\/www.dev.caralz.com\/wp\/wp-json\/wp\/v2\/product\/1120","targetHints":{"allow":["GET"]}}],"collection":[{"href":"https:\/\/www.dev.caralz.com\/wp\/wp-json\/wp\/v2\/product"}],"about":[{"href":"https:\/\/www.dev.caralz.com\/wp\/wp-json\/wp\/v2\/types\/product"}],"replies":[{"embeddable":true,"href":"https:\/\/www.dev.caralz.com\/wp\/wp-json\/wp\/v2\/comments?post=1120"}],"wp:featuredmedia":[{"embeddable":true,"href":"https:\/\/www.dev.caralz.com\/wp\/wp-json\/wp\/v2\/media\/1285"}],"wp:attachment":[{"href":"https:\/\/www.dev.caralz.com\/wp\/wp-json\/wp\/v2\/media?parent=1120"}],"wp:term":[{"taxonomy":"product_brand","embeddable":true,"href":"https:\/\/www.dev.caralz.com\/wp\/wp-json\/wp\/v2\/product_brand?post=1120"},{"taxonomy":"product_cat","embeddable":true,"href":"https:\/\/www.dev.caralz.com\/wp\/wp-json\/wp\/v2\/product_cat?post=1120"},{"taxonomy":"product_tag","embeddable":true,"href":"https:\/\/www.dev.caralz.com\/wp\/wp-json\/wp\/v2\/product_tag?post=1120"}],"curies":[{"name":"wp","href":"https:\/\/api.w.org\/{rel}","templated":true}]}}