{"id":1130,"date":"2024-12-02T09:29:14","date_gmt":"2024-12-02T14:29:14","guid":{"rendered":"https:\/\/www.dev.caralz.com\/wp\/?post_type=product&#038;p=1130"},"modified":"2024-12-02T17:40:42","modified_gmt":"2024-12-02T22:40:42","slug":"cp-perla-verde-azul","status":"publish","type":"product","link":"https:\/\/www.dev.caralz.com\/wp\/producto\/cp-perla-verde-azul\/","title":{"rendered":"CP Perla Verde Azul"},"content":{"rendered":"<p>Perla verde con subtonalidad azul en el frente y de subtono amarilloso en el \u00e1ngulo. Posee alta concentraci\u00f3n de perla y m\u00ednima cantidad de ligante, lo que le permite lograr mayor cubrimiento y rendimiento en la formulaci\u00f3n de colores<\/p>\n","protected":false},"excerpt":{"rendered":"<p>Perla concentrada verde azul<\/p>\n","protected":false},"featured_media":1285,"comment_status":"open","ping_status":"closed","template":"","meta":{"_acf_changed":false},"product_brand":[],"product_cat":[49,55,48],"product_tag":[],"class_list":{"0":"post-1130","1":"product","2":"type-product","3":"status-publish","4":"has-post-thumbnail","6":"product_cat-acabados-linea-automotriz-2","7":"product_cat-concentrado-de-perla","8":"product_cat-linea-automotriz-2","10":"first","11":"instock","12":"shipping-taxable","13":"product-type-simple"},"acf":[],"_links":{"self":[{"href":"https:\/\/www.dev.caralz.com\/wp\/wp-json\/wp\/v2\/product\/1130","targetHints":{"allow":["GET"]}}],"collection":[{"href":"https:\/\/www.dev.caralz.com\/wp\/wp-json\/wp\/v2\/product"}],"about":[{"href":"https:\/\/www.dev.caralz.com\/wp\/wp-json\/wp\/v2\/types\/product"}],"replies":[{"embeddable":true,"href":"https:\/\/www.dev.caralz.com\/wp\/wp-json\/wp\/v2\/comments?post=1130"}],"wp:featuredmedia":[{"embeddable":true,"href":"https:\/\/www.dev.caralz.com\/wp\/wp-json\/wp\/v2\/media\/1285"}],"wp:attachment":[{"href":"https:\/\/www.dev.caralz.com\/wp\/wp-json\/wp\/v2\/media?parent=1130"}],"wp:term":[{"taxonomy":"product_brand","embeddable":true,"href":"https:\/\/www.dev.caralz.com\/wp\/wp-json\/wp\/v2\/product_brand?post=1130"},{"taxonomy":"product_cat","embeddable":true,"href":"https:\/\/www.dev.caralz.com\/wp\/wp-json\/wp\/v2\/product_cat?post=1130"},{"taxonomy":"product_tag","embeddable":true,"href":"https:\/\/www.dev.caralz.com\/wp\/wp-json\/wp\/v2\/product_tag?post=1130"}],"curies":[{"name":"wp","href":"https:\/\/api.w.org\/{rel}","templated":true}]}}