{"id":1203,"date":"2024-12-02T09:29:54","date_gmt":"2024-12-02T14:29:54","guid":{"rendered":"https:\/\/www.dev.caralz.com\/wp\/?post_type=product&#038;p=1203"},"modified":"2025-02-04T06:52:51","modified_gmt":"2025-02-04T11:52:51","slug":"endurecedor-semi-rapido","status":"publish","type":"product","link":"https:\/\/www.dev.caralz.com\/wp\/producto\/endurecedor-semi-rapido\/","title":{"rendered":"Endurecedor Semi-R\u00e1pido"},"content":{"rendered":"<p>Endurecedor semi-r\u00e1pido de l\u00ednea poliuretano, secado inicial r\u00e1pido y velocidad normal para el curado final. Dise\u00f1ado para la aplicaci\u00f3n de Fondos 2K, garantizando un excelente secado, adherencia y dureza adecuada para el lijado y posterior aplicacipon del acabado. Tambi\u00e9n se puede usar con esmaltes de la l\u00ednea Isocrome para garantizar adecuadas propiedades de recubrimiento a un menor costo<\/p>\n","protected":false},"excerpt":{"rendered":"<p>Endurecedor semi-r\u00e1pido de l\u00ednea poliuretano<\/p>\n","protected":false},"featured_media":1589,"comment_status":"open","ping_status":"closed","template":"","meta":{"_acf_changed":false},"product_brand":[],"product_cat":[56,80,48],"product_tag":[],"class_list":{"0":"post-1203","1":"product","2":"type-product","3":"status-publish","4":"has-post-thumbnail","6":"product_cat-capas-intermedias","7":"product_cat-endurecedores-poliuretano-capas-intermedias","8":"product_cat-linea-automotriz-2","10":"first","11":"instock","12":"shipping-taxable","13":"product-type-simple"},"acf":[],"_links":{"self":[{"href":"https:\/\/www.dev.caralz.com\/wp\/wp-json\/wp\/v2\/product\/1203","targetHints":{"allow":["GET"]}}],"collection":[{"href":"https:\/\/www.dev.caralz.com\/wp\/wp-json\/wp\/v2\/product"}],"about":[{"href":"https:\/\/www.dev.caralz.com\/wp\/wp-json\/wp\/v2\/types\/product"}],"replies":[{"embeddable":true,"href":"https:\/\/www.dev.caralz.com\/wp\/wp-json\/wp\/v2\/comments?post=1203"}],"wp:featuredmedia":[{"embeddable":true,"href":"https:\/\/www.dev.caralz.com\/wp\/wp-json\/wp\/v2\/media\/1589"}],"wp:attachment":[{"href":"https:\/\/www.dev.caralz.com\/wp\/wp-json\/wp\/v2\/media?parent=1203"}],"wp:term":[{"taxonomy":"product_brand","embeddable":true,"href":"https:\/\/www.dev.caralz.com\/wp\/wp-json\/wp\/v2\/product_brand?post=1203"},{"taxonomy":"product_cat","embeddable":true,"href":"https:\/\/www.dev.caralz.com\/wp\/wp-json\/wp\/v2\/product_cat?post=1203"},{"taxonomy":"product_tag","embeddable":true,"href":"https:\/\/www.dev.caralz.com\/wp\/wp-json\/wp\/v2\/product_tag?post=1203"}],"curies":[{"name":"wp","href":"https:\/\/api.w.org\/{rel}","templated":true}]}}