{"id":1210,"date":"2024-12-02T09:29:59","date_gmt":"2024-12-02T14:29:59","guid":{"rendered":"https:\/\/www.dev.caralz.com\/wp\/?post_type=product&#038;p=1210"},"modified":"2024-12-02T17:41:47","modified_gmt":"2024-12-02T22:41:47","slug":"catalizador-impresion-fosfatante","status":"publish","type":"product","link":"https:\/\/www.dev.caralz.com\/wp\/producto\/catalizador-impresion-fosfatante\/","title":{"rendered":"Catalizador Impresion Fosfatante"},"content":{"rendered":"<p>Catalizador a base de \u00e1cidos que en mezcla con la imprimaci\u00f3n fosfatante ayuda en la producci\u00f3n de rugosidad y promoci\u00f3n de anclaje mediante la formaci\u00f3n de una delgada capa de fosfatos met\u00e1licos<\/p>\n","protected":false},"excerpt":{"rendered":"<p>Catalizador \u00e1cido para imprimaci\u00f3n fosfatante<\/p>\n","protected":false},"featured_media":1285,"comment_status":"open","ping_status":"closed","template":"","meta":{"_acf_changed":false},"product_brand":[],"product_cat":[82,48,58],"product_tag":[],"class_list":{"0":"post-1210","1":"product","2":"type-product","3":"status-publish","4":"has-post-thumbnail","6":"product_cat-imprimacion-fosfatante","7":"product_cat-linea-automotriz-2","8":"product_cat-preparacion-de-superficies","10":"first","11":"instock","12":"shipping-taxable","13":"product-type-simple"},"acf":[],"_links":{"self":[{"href":"https:\/\/www.dev.caralz.com\/wp\/wp-json\/wp\/v2\/product\/1210","targetHints":{"allow":["GET"]}}],"collection":[{"href":"https:\/\/www.dev.caralz.com\/wp\/wp-json\/wp\/v2\/product"}],"about":[{"href":"https:\/\/www.dev.caralz.com\/wp\/wp-json\/wp\/v2\/types\/product"}],"replies":[{"embeddable":true,"href":"https:\/\/www.dev.caralz.com\/wp\/wp-json\/wp\/v2\/comments?post=1210"}],"wp:featuredmedia":[{"embeddable":true,"href":"https:\/\/www.dev.caralz.com\/wp\/wp-json\/wp\/v2\/media\/1285"}],"wp:attachment":[{"href":"https:\/\/www.dev.caralz.com\/wp\/wp-json\/wp\/v2\/media?parent=1210"}],"wp:term":[{"taxonomy":"product_brand","embeddable":true,"href":"https:\/\/www.dev.caralz.com\/wp\/wp-json\/wp\/v2\/product_brand?post=1210"},{"taxonomy":"product_cat","embeddable":true,"href":"https:\/\/www.dev.caralz.com\/wp\/wp-json\/wp\/v2\/product_cat?post=1210"},{"taxonomy":"product_tag","embeddable":true,"href":"https:\/\/www.dev.caralz.com\/wp\/wp-json\/wp\/v2\/product_tag?post=1210"}],"curies":[{"name":"wp","href":"https:\/\/api.w.org\/{rel}","templated":true}]}}