{"id":1212,"date":"2024-12-02T09:30:00","date_gmt":"2024-12-02T14:30:00","guid":{"rendered":"https:\/\/www.dev.caralz.com\/wp\/?post_type=product&#038;p=1212"},"modified":"2024-12-02T17:41:47","modified_gmt":"2024-12-02T22:41:47","slug":"thinner-poliuretano","status":"publish","type":"product","link":"https:\/\/www.dev.caralz.com\/wp\/producto\/thinner-poliuretano\/","title":{"rendered":"Thinner Poliuretano"},"content":{"rendered":"<p>Thinner formulado espec\u00edficamente para el ajuste de viscosidad de l\u00edneas poliuretano, gracias a su bajo contenido de humedad y contaminantes permite que la aplicaci\u00f3n tenga buena humectaci\u00f3n de la superficie, adecuada nivelaci\u00f3n y sea libre de defectos<\/p>\n","protected":false},"excerpt":{"rendered":"<p>Thinner para ajuste de viscosidad de l\u00edneas poliuretano<\/p>\n","protected":false},"featured_media":1285,"comment_status":"open","ping_status":"closed","template":"","meta":{"_acf_changed":false},"product_brand":[],"product_cat":[49,48,83],"product_tag":[],"class_list":{"0":"post-1212","1":"product","2":"type-product","3":"status-publish","4":"has-post-thumbnail","6":"product_cat-acabados-linea-automotriz-2","7":"product_cat-linea-automotriz-2","8":"product_cat-thinners-y-balanceadores","10":"first","11":"instock","12":"shipping-taxable","13":"product-type-simple"},"acf":[],"_links":{"self":[{"href":"https:\/\/www.dev.caralz.com\/wp\/wp-json\/wp\/v2\/product\/1212","targetHints":{"allow":["GET"]}}],"collection":[{"href":"https:\/\/www.dev.caralz.com\/wp\/wp-json\/wp\/v2\/product"}],"about":[{"href":"https:\/\/www.dev.caralz.com\/wp\/wp-json\/wp\/v2\/types\/product"}],"replies":[{"embeddable":true,"href":"https:\/\/www.dev.caralz.com\/wp\/wp-json\/wp\/v2\/comments?post=1212"}],"wp:featuredmedia":[{"embeddable":true,"href":"https:\/\/www.dev.caralz.com\/wp\/wp-json\/wp\/v2\/media\/1285"}],"wp:attachment":[{"href":"https:\/\/www.dev.caralz.com\/wp\/wp-json\/wp\/v2\/media?parent=1212"}],"wp:term":[{"taxonomy":"product_brand","embeddable":true,"href":"https:\/\/www.dev.caralz.com\/wp\/wp-json\/wp\/v2\/product_brand?post=1212"},{"taxonomy":"product_cat","embeddable":true,"href":"https:\/\/www.dev.caralz.com\/wp\/wp-json\/wp\/v2\/product_cat?post=1212"},{"taxonomy":"product_tag","embeddable":true,"href":"https:\/\/www.dev.caralz.com\/wp\/wp-json\/wp\/v2\/product_tag?post=1212"}],"curies":[{"name":"wp","href":"https:\/\/api.w.org\/{rel}","templated":true}]}}