{"id":1222,"date":"2024-12-02T09:30:06","date_gmt":"2024-12-02T14:30:06","guid":{"rendered":"https:\/\/www.dev.caralz.com\/wp\/?post_type=product&#038;p=1222"},"modified":"2024-12-02T17:41:53","modified_gmt":"2024-12-02T22:41:53","slug":"balanceador-alquidico","status":"publish","type":"product","link":"https:\/\/www.dev.caralz.com\/wp\/producto\/balanceador-alquidico\/","title":{"rendered":"Balanceador Alqu\u00eddico"},"content":{"rendered":"<p>Balanceador para ajuste de viscosidad de primers anticorrosivos alqu\u00eddicos de la l\u00ednea B800 que por su formulaci\u00f3n asegura la compatibilidad de la aplicaci\u00f3n con balance apropiado para el secado, libre de defectos o contaminaciones<\/p>\n","protected":false},"excerpt":{"rendered":"<p>Balanceador para ajuste de viscosidad de l\u00ednea alqu\u00eddica<\/p>\n","protected":false},"featured_media":1285,"comment_status":"open","ping_status":"closed","template":"","meta":{"_acf_changed":false},"product_brand":[],"product_cat":[52,61,86],"product_tag":[],"class_list":{"0":"post-1222","1":"product","2":"type-product","3":"status-publish","4":"has-post-thumbnail","6":"product_cat-linea-industrial","7":"product_cat-preparacion-de-superficies-linea-industrial","8":"product_cat-thinners-y-balanceadores-preparacion-de-superficies-linea-industrial","10":"first","11":"instock","12":"shipping-taxable","13":"product-type-simple"},"acf":[],"_links":{"self":[{"href":"https:\/\/www.dev.caralz.com\/wp\/wp-json\/wp\/v2\/product\/1222","targetHints":{"allow":["GET"]}}],"collection":[{"href":"https:\/\/www.dev.caralz.com\/wp\/wp-json\/wp\/v2\/product"}],"about":[{"href":"https:\/\/www.dev.caralz.com\/wp\/wp-json\/wp\/v2\/types\/product"}],"replies":[{"embeddable":true,"href":"https:\/\/www.dev.caralz.com\/wp\/wp-json\/wp\/v2\/comments?post=1222"}],"wp:featuredmedia":[{"embeddable":true,"href":"https:\/\/www.dev.caralz.com\/wp\/wp-json\/wp\/v2\/media\/1285"}],"wp:attachment":[{"href":"https:\/\/www.dev.caralz.com\/wp\/wp-json\/wp\/v2\/media?parent=1222"}],"wp:term":[{"taxonomy":"product_brand","embeddable":true,"href":"https:\/\/www.dev.caralz.com\/wp\/wp-json\/wp\/v2\/product_brand?post=1222"},{"taxonomy":"product_cat","embeddable":true,"href":"https:\/\/www.dev.caralz.com\/wp\/wp-json\/wp\/v2\/product_cat?post=1222"},{"taxonomy":"product_tag","embeddable":true,"href":"https:\/\/www.dev.caralz.com\/wp\/wp-json\/wp\/v2\/product_tag?post=1222"}],"curies":[{"name":"wp","href":"https:\/\/api.w.org\/{rel}","templated":true}]}}