{"id":1225,"date":"2024-12-02T09:30:08","date_gmt":"2024-12-02T14:30:08","guid":{"rendered":"https:\/\/www.dev.caralz.com\/wp\/?post_type=product&#038;p=1225"},"modified":"2024-12-02T17:41:59","modified_gmt":"2024-12-02T22:41:59","slug":"fondo-transparente-para-plasticos","status":"publish","type":"product","link":"https:\/\/www.dev.caralz.com\/wp\/producto\/fondo-transparente-para-plasticos\/","title":{"rendered":"Fondo Transparente para Plasticos"},"content":{"rendered":"<p>Fondo transparente para pl\u00e1sticos de gran versatilidad, para aplicaciones sobre pl\u00e1sticos r\u00edgidos y flexibles. Promueve la adherencia debido a su compatibilidad con el pl\u00e1stico y con la pintura<\/p>\n","protected":false},"excerpt":{"rendered":"<p>Fondo transparente para pl\u00e1sticos<\/p>\n","protected":false},"featured_media":1285,"comment_status":"open","ping_status":"closed","template":"","meta":{"_acf_changed":false},"product_brand":[],"product_cat":[88,48,58],"product_tag":[],"class_list":{"0":"post-1225","1":"product","2":"type-product","3":"status-publish","4":"has-post-thumbnail","6":"product_cat-aditivos-preparacion-de-superficies","7":"product_cat-linea-automotriz-2","8":"product_cat-preparacion-de-superficies","10":"first","11":"instock","12":"shipping-taxable","13":"product-type-simple"},"acf":[],"_links":{"self":[{"href":"https:\/\/www.dev.caralz.com\/wp\/wp-json\/wp\/v2\/product\/1225","targetHints":{"allow":["GET"]}}],"collection":[{"href":"https:\/\/www.dev.caralz.com\/wp\/wp-json\/wp\/v2\/product"}],"about":[{"href":"https:\/\/www.dev.caralz.com\/wp\/wp-json\/wp\/v2\/types\/product"}],"replies":[{"embeddable":true,"href":"https:\/\/www.dev.caralz.com\/wp\/wp-json\/wp\/v2\/comments?post=1225"}],"wp:featuredmedia":[{"embeddable":true,"href":"https:\/\/www.dev.caralz.com\/wp\/wp-json\/wp\/v2\/media\/1285"}],"wp:attachment":[{"href":"https:\/\/www.dev.caralz.com\/wp\/wp-json\/wp\/v2\/media?parent=1225"}],"wp:term":[{"taxonomy":"product_brand","embeddable":true,"href":"https:\/\/www.dev.caralz.com\/wp\/wp-json\/wp\/v2\/product_brand?post=1225"},{"taxonomy":"product_cat","embeddable":true,"href":"https:\/\/www.dev.caralz.com\/wp\/wp-json\/wp\/v2\/product_cat?post=1225"},{"taxonomy":"product_tag","embeddable":true,"href":"https:\/\/www.dev.caralz.com\/wp\/wp-json\/wp\/v2\/product_tag?post=1225"}],"curies":[{"name":"wp","href":"https:\/\/api.w.org\/{rel}","templated":true}]}}