{"id":1242,"date":"2024-12-02T09:30:17","date_gmt":"2024-12-02T14:30:17","guid":{"rendered":"https:\/\/www.dev.caralz.com\/wp\/?post_type=product&#038;p=1242"},"modified":"2024-12-02T17:42:12","modified_gmt":"2024-12-02T22:42:12","slug":"ms-amarillo-taxi-chevrolet-724-sin-pb","status":"publish","type":"product","link":"https:\/\/www.dev.caralz.com\/wp\/producto\/ms-amarillo-taxi-chevrolet-724-sin-pb\/","title":{"rendered":"MS Amarillo Taxi Chevrolet 724 &#8211; sin Pb"},"content":{"rendered":"<p>Tinta color Amarillo Taxi Chevrolet 724 previamente preparada en l\u00ednea poliuretano medios s\u00f3lidos, ayuda en la estandarizaci\u00f3n del color y facilita la labor del colorista requiriendo el m\u00ednimo ajuste. Libre de metales pesados<\/p>\n","protected":false},"excerpt":{"rendered":"<p>Color preparado Amarillo Taxi Chevrolet 724 de l\u00ednea poliuretano medios s\u00f3lidos<\/p>\n","protected":false},"featured_media":1285,"comment_status":"open","ping_status":"closed","template":"","meta":{"_acf_changed":false},"product_brand":[],"product_cat":[49,48,51],"product_tag":[],"class_list":{"0":"post-1242","1":"product","2":"type-product","3":"status-publish","4":"has-post-thumbnail","6":"product_cat-acabados-linea-automotriz-2","7":"product_cat-linea-automotriz-2","8":"product_cat-sistema-poliuretano-acabados-linea-automotriz-2","10":"first","11":"instock","12":"shipping-taxable","13":"product-type-simple"},"acf":[],"_links":{"self":[{"href":"https:\/\/www.dev.caralz.com\/wp\/wp-json\/wp\/v2\/product\/1242","targetHints":{"allow":["GET"]}}],"collection":[{"href":"https:\/\/www.dev.caralz.com\/wp\/wp-json\/wp\/v2\/product"}],"about":[{"href":"https:\/\/www.dev.caralz.com\/wp\/wp-json\/wp\/v2\/types\/product"}],"replies":[{"embeddable":true,"href":"https:\/\/www.dev.caralz.com\/wp\/wp-json\/wp\/v2\/comments?post=1242"}],"wp:featuredmedia":[{"embeddable":true,"href":"https:\/\/www.dev.caralz.com\/wp\/wp-json\/wp\/v2\/media\/1285"}],"wp:attachment":[{"href":"https:\/\/www.dev.caralz.com\/wp\/wp-json\/wp\/v2\/media?parent=1242"}],"wp:term":[{"taxonomy":"product_brand","embeddable":true,"href":"https:\/\/www.dev.caralz.com\/wp\/wp-json\/wp\/v2\/product_brand?post=1242"},{"taxonomy":"product_cat","embeddable":true,"href":"https:\/\/www.dev.caralz.com\/wp\/wp-json\/wp\/v2\/product_cat?post=1242"},{"taxonomy":"product_tag","embeddable":true,"href":"https:\/\/www.dev.caralz.com\/wp\/wp-json\/wp\/v2\/product_tag?post=1242"}],"curies":[{"name":"wp","href":"https:\/\/api.w.org\/{rel}","templated":true}]}}