{"id":1250,"date":"2024-12-02T09:30:19","date_gmt":"2024-12-02T14:30:19","guid":{"rendered":"https:\/\/www.dev.caralz.com\/wp\/?post_type=product&#038;p=1250"},"modified":"2024-12-02T17:42:19","modified_gmt":"2024-12-02T22:42:19","slug":"pes-plata-brillante-chevrolet","status":"publish","type":"product","link":"https:\/\/www.dev.caralz.com\/wp\/producto\/pes-plata-brillante-chevrolet\/","title":{"rendered":"PES Plata Brillante &#8211; Chevrolet"},"content":{"rendered":"<p>Tinta color Plata Brillante de Chevrolet previamente preparada en l\u00ednea poli\u00e9ster, ayuda en la estandarizaci\u00f3n del color y facilita la labor del colorista requiriendo el m\u00ednimo ajuste<\/p>\n","protected":false},"excerpt":{"rendered":"<p>Color preparado Plata Brillante de Chevrolet de l\u00ednea poli\u00e9ster<\/p>\n","protected":false},"featured_media":1285,"comment_status":"open","ping_status":"closed","template":"","meta":{"_acf_changed":false},"product_brand":[],"product_cat":[49,48,50],"product_tag":[],"class_list":{"0":"post-1250","1":"product","2":"type-product","3":"status-publish","4":"has-post-thumbnail","6":"product_cat-acabados-linea-automotriz-2","7":"product_cat-linea-automotriz-2","8":"product_cat-sistema-poliester-acabados-linea-automotriz-2","10":"first","11":"instock","12":"shipping-taxable","13":"product-type-simple"},"acf":[],"_links":{"self":[{"href":"https:\/\/www.dev.caralz.com\/wp\/wp-json\/wp\/v2\/product\/1250","targetHints":{"allow":["GET"]}}],"collection":[{"href":"https:\/\/www.dev.caralz.com\/wp\/wp-json\/wp\/v2\/product"}],"about":[{"href":"https:\/\/www.dev.caralz.com\/wp\/wp-json\/wp\/v2\/types\/product"}],"replies":[{"embeddable":true,"href":"https:\/\/www.dev.caralz.com\/wp\/wp-json\/wp\/v2\/comments?post=1250"}],"wp:featuredmedia":[{"embeddable":true,"href":"https:\/\/www.dev.caralz.com\/wp\/wp-json\/wp\/v2\/media\/1285"}],"wp:attachment":[{"href":"https:\/\/www.dev.caralz.com\/wp\/wp-json\/wp\/v2\/media?parent=1250"}],"wp:term":[{"taxonomy":"product_brand","embeddable":true,"href":"https:\/\/www.dev.caralz.com\/wp\/wp-json\/wp\/v2\/product_brand?post=1250"},{"taxonomy":"product_cat","embeddable":true,"href":"https:\/\/www.dev.caralz.com\/wp\/wp-json\/wp\/v2\/product_cat?post=1250"},{"taxonomy":"product_tag","embeddable":true,"href":"https:\/\/www.dev.caralz.com\/wp\/wp-json\/wp\/v2\/product_tag?post=1250"}],"curies":[{"name":"wp","href":"https:\/\/api.w.org\/{rel}","templated":true}]}}